{"id":6052,"date":"2023-08-03T16:54:32","date_gmt":"2023-08-03T14:54:32","guid":{"rendered":"https:\/\/opranic.com\/?page_id=6052"},"modified":"2025-10-30T00:18:11","modified_gmt":"2025-10-29T23:18:11","slug":"agb","status":"publish","type":"page","link":"https:\/\/staging.opranic.com\/de\/agb\/","title":{"rendered":"Bedingungen und Konditionen"},"content":{"rendered":"<div class=\"wpb-content-wrapper\">[vc_row][vc_column][vc_column_text css=&#8220;&#8220;]\n<h1>Allgemeine Bedingungen und Konditionen<\/h1>\n<h2>Inhaltsverzeichnis<\/h2>\n<div class=\"toc\">\n<ol>\n<li><a href=\"#scope\">Umfang<\/a><\/li>\n<li><a href=\"#conclusion\">Vertragsabschluss<\/a><\/li>\n<li><a href=\"#withdrawal\">R\u00fccktrittsrecht<\/a><\/li>\n<li><a href=\"#prices\">Preise und Zahlungsbedingungen<\/a><\/li>\n<li><a href=\"#delivery\">Liefer- und Versandbedingungen<\/a><\/li>\n<li><a href=\"#retention\">Beibehaltung des Titels<\/a><\/li>\n<li><a href=\"#liability\">Haftung f\u00fcr M\u00e4ngel (Gew\u00e4hrleistung)<\/a><\/li>\n<li><a href=\"#repair\">Besondere Bedingungen f\u00fcr Reparaturdienstleistungen<\/a><\/li>\n<li><a href=\"#vouchers\">Einl\u00f6sung von Aktionsgutscheinen<\/a><\/li>\n<li><a href=\"#dispute\">Alternative Streitbeilegung<\/a><\/li>\n<li><a href=\"#gdpr\">Einhaltung der GDPR<\/a><\/li>\n<li><a href=\"#uk-provisions\">UK-spezifische Bestimmungen<\/a><\/li>\n<\/ol>\n<\/div>\n<div id=\"scope\" class=\"section\">\n<h2>1. Umfang<\/h2>\n<p>  1.1 Diese Allgemeinen Gesch\u00e4ftsbedingungen (AGB) der Opranic AB (nachfolgend &#8222;Verk\u00e4ufer&#8220;), gelten f\u00fcr alle Vertr\u00e4ge, die ein Verbraucher oder Unternehmer (nachfolgend &#8222;Kunde&#8220;) mit dem Verk\u00e4ufer hinsichtlich der vom Verk\u00e4ufer in seinem Online-Shop dargestellten Waren und\/oder Leistungen abschlie\u00dft.<br \/>\nDer Einbeziehung von eigenen Gesch\u00e4ftsbedingungen des Kunden wird hiermit widersprochen, es sei denn, es wurde etwas anderes vereinbart.  1.2 Ein Verbraucher im Sinne dieser Gesch\u00e4ftsbedingungen ist jede nat\u00fcrliche Person, die ein Rechtsgesch\u00e4ft zu Zwecken abschlie\u00dft, die \u00fcberwiegend weder ihrer gewerblichen noch ihrer selbst\u00e4ndigen beruflichen T\u00e4tigkeit zugerechnet werden k\u00f6nnen. 1.3 Ein Unternehmer im Sinne dieser Bedingungen ist eine nat\u00fcrliche oder juristische Person oder eine rechtsf\u00e4hige Personengesellschaft, die bei Abschluss eines Rechtsgesch\u00e4fts in Aus\u00fcbung ihrer gewerblichen oder selbst\u00e4ndigen beruflichen T\u00e4tigkeit handelt.  <\/p><\/div>\n<p>&nbsp;<\/p>\n<div id=\"conclusion\" class=\"section\">\n<h2>2. Vertragsabschluss<\/h2>\n<p>  2.1 Die im Online-Shop des Verk\u00e4ufers enthaltenen Produktbeschreibungen f\u00fcr Infrarotheizungen stellen keine verbindlichen Angebote seitens des Verk\u00e4ufers dar, sondern dienen der Abgabe eines verbindlichen Angebots durch den Kunden. 2.2 Der Kunde kann das Angebot \u00fcber das in den Online-Shop des Verk\u00e4ufers integrierte Online-Bestellformular abgeben. Nachdem der Kunde die ausgew\u00e4hlten Infrarotheizungen in den virtuellen Warenkorb gelegt und den elektronischen Bestellvorgang durchlaufen hat, gibt er durch Anklicken des den Bestellvorgang abschlie\u00dfenden Buttons ein rechtsverbindliches Vertragsangebot in Bezug auf die im Warenkorb enthaltenen Infrarotheizungen ab.<br \/>\n2.3 Der Verk\u00e4ufer kann das Angebot des Kunden innerhalb von f\u00fcnf Tagen annehmen:   <\/p>\n<ul>\n<li>durch Zusendung einer schriftlichen Auftragsbest\u00e4tigung oder einer Auftragsbest\u00e4tigung in Textform (Fax oder E-Mail) an den Kunden, wobei der Zugang der Auftragsbest\u00e4tigung beim Kunden ma\u00dfgeblich ist; oder<\/li>\n<li>durch Auslieferung der bestellten Infrarotheizungen an den Kunden, wobei der Eingang der Ware beim Kunden ma\u00dfgeblich ist; oder<\/li>\n<li>Indem Sie den Kunden nach seiner Bestellung zur Zahlung auffordern.<\/li>\n<\/ul>\n<p>  2.4 Bei der Abgabe eines Angebots \u00fcber das Online-Bestellformular des Verk\u00e4ufers wird der Vertragstext vom Verk\u00e4ufer nach Vertragsschluss gespeichert und dem Kunden nach Absendung seiner Bestellung in Textform (z.B. E-Mail, Fax oder Brief) zugeschickt. Der Verk\u00e4ufer macht den Vertragstext dar\u00fcber hinaus nicht zug\u00e4nglich. 2.5 Vor der verbindlichen Abgabe der Bestellung \u00fcber das Online-Bestellformular des Verk\u00e4ufers kann der Kunde m\u00f6gliche Eingabefehler erkennen, indem er die auf dem Bildschirm angezeigten Informationen sorgf\u00e4ltig liest. 2.6 F\u00fcr den Vertragsabschluss stehen die Sprachen Deutsch und Englisch zur Verf\u00fcgung. 2.7 Die Auftragsabwicklung und Kontaktaufnahme erfolgt in der Regel per E-Mail und automatisierter Auftragsabwicklung. Der Kunde hat sicherzustellen, dass die von ihm zur Bestellabwicklung angegebene E-Mail-Adresse zutreffend ist, so dass die vom Verk\u00e4ufer versandten E-Mails unter dieser Adresse empfangen werden k\u00f6nnen.<br \/>\nInsbesondere bei der Verwendung von SPAM-Filtern muss der Kunde sicherstellen, dass alle vom Verk\u00e4ufer oder von Dritten, die vom Verk\u00e4ufer mit der Abwicklung der Bestellung beauftragt wurden, gesendeten E-Mails zugestellt werden k\u00f6nnen.   <\/p><\/div>\n<p>&nbsp;<\/p>\n<div id=\"withdrawal\" class=\"section\">\n<h2>3. R\u00fccktrittsrecht<\/h2>\n<p>  3.1 Verbrauchern steht grunds\u00e4tzlich ein Widerrufsrecht innerhalb von 14 Tagen zu.<br \/>\n3.2 Weitere Informationen zum Widerrufsrecht finden Sie in der Widerrufsbelehrung des Verk\u00e4ufers.   <\/p><\/div>\n<p>&nbsp;<\/p>\n<div id=\"prices\" class=\"section\">\n<h2>4. Preise und Zahlungsbedingungen<\/h2>\n<p>  4.1 Sofern in der Produktbeschreibung des Verk\u00e4ufers nicht anders angegeben, sind die angegebenen Preise Gesamtpreise, die die gesetzliche Mehrwertsteuer enthalten. Die zus\u00e4tzlich anfallenden Liefer- und Versandkosten werden in der jeweiligen Produktbeschreibung gesondert ausgewiesen. 4.2 Die verf\u00fcgbaren Zahlungsoptionen sind:  <\/p>\n<ul>\n<li>PayPal<\/li>\n<li>Streifen<\/li>\n<li>Andere<\/li>\n<\/ul>\n<p>  4.3 Die Zahlungsoption(en) werden dem Kunden im Online-Shop des Verk\u00e4ufers mitgeteilt. 4.4 Wenn Sie eine \u00fcber den Zahlungsdienst &#8222;Stripe&#8220; angebotene Zahlungsmethode ausw\u00e4hlen, wird die Zahlung durch den Zahlungsdienstleister Stripe Payments Europe Ltd., 1 Grand Canal Street Lower, Grand Canal Dock, Dublin, Irland (im Folgenden &#8222;Stripe&#8220;) abgewickelt. 4.5 Wenn Sie PayPal als Zahlungsmethode w\u00e4hlen, wird die Zahlung von PayPal (Europe) S.\u00e0 r.l. et Cie, S.C.A., 22-24 Boulevard Royal, L-2449 Luxemburg (im Folgenden &#8222;PayPal&#8220;) verarbeitet.  <\/p><\/div>\n<p>&nbsp;<\/p>\n<div id=\"delivery\" class=\"section\">\n<h2>5. Liefer- und Versandbedingungen<\/h2>\n<p>  5.1 Wenn der Verk\u00e4ufer den Versand der Infrarotheizungen anbietet, erfolgt die Lieferung innerhalb des vom Verk\u00e4ufer angegebenen Liefergebiets an die vom Kunden angegebene Lieferadresse, sofern nicht anders vereinbart.<br \/>\nBei der Abwicklung der Transaktion ist die in der Bestellabwicklung des Verk\u00e4ufers angegebene Lieferadresse ma\u00dfgeblich.<br \/>\n5.2 Wenn die Lieferung der Ware aus Gr\u00fcnden scheitert, die der Kunde zu vertreten hat, tr\u00e4gt der Kunde die dem Verk\u00e4ufer dadurch entstehenden angemessenen Kosten.<br \/>\n5.3 Handelt der Kunde als Unternehmer, so geht die Gefahr des zuf\u00e4lligen Untergangs und der zuf\u00e4lligen Verschlechterung der verkauften Ware auf den Kunden \u00fcber, sobald der Verk\u00e4ufer die Sache dem Spediteur, dem Frachtf\u00fchrer oder der sonst zur Ausf\u00fchrung der Versendung bestimmten Person oder Anstalt ausgeliefert hat.<br \/>\nHandelt der Kunde als Verbraucher, geht die Gefahr des zuf\u00e4lligen Untergangs und der zuf\u00e4lligen Verschlechterung der verkauften Ware grunds\u00e4tzlich erst mit der \u00dcbergabe der Ware an den Kunden oder eine empfangsberechtigte Person \u00fcber.     5.4 Der Verk\u00e4ufer beh\u00e4lt sich das Recht vor, bei nicht richtiger oder nicht ordnungsgem\u00e4\u00dfer Selbstbelieferung vom Vertrag zur\u00fcckzutreten. Dies gilt nur f\u00fcr den Fall, dass die Nichtlieferung nicht vom Verk\u00e4ufer zu vertreten ist und der Verk\u00e4ufer mit dem Lieferanten ein konkretes Deckungsgesch\u00e4ft abgeschlossen hat, das die erforderliche Sorgfalt erfordert.<br \/>\nIm Falle der Nichtverf\u00fcgbarkeit oder nur teilweisen Verf\u00fcgbarkeit der Ware wird der Kunde unverz\u00fcglich informiert und die Gegenleistung unverz\u00fcglich zur\u00fcckerstattet.<br \/>\n5.5 Selbstabholung ist aus logistischen Gr\u00fcnden nicht m\u00f6glich, sofern nicht anders vereinbart.    <\/p><\/div>\n<p>&nbsp;<\/p>\n<div id=\"retention\" class=\"section\">\n<h2>6. Beibehaltung des Titels<\/h2>\n<p>  Wenn der Verk\u00e4ufer in Vorleistung geht, beh\u00e4lt er sich das Eigentum an den gelieferten Infrarotheizungen vor, bis der geschuldete Kaufpreis vollst\u00e4ndig bezahlt ist.  <\/p><\/div>\n<p>&nbsp;<\/p>\n<div id=\"liability\" class=\"section\">\n<h2>7. Haftung f\u00fcr M\u00e4ngel (Gew\u00e4hrleistung)<\/h2>\n<p>  7.1 Soweit sich aus den nachfolgenden Bestimmungen nichts anderes ergibt, gilt die gesetzliche M\u00e4ngelhaftung.<br \/>\n7.2 Wenn der Kunde als Unternehmer handelt:   <\/p>\n<ul>\n<li>Der Verk\u00e4ufer hat die Wahl der Art der Nacherf\u00fcllung;<\/li>\n<li>Bei neuen Waren betr\u00e4gt die Verj\u00e4hrungsfrist f\u00fcr M\u00e4ngel ein Jahr ab Lieferung der Ware;<\/li>\n<li>Bei gebrauchten Waren sind Rechte und Anspr\u00fcche aufgrund von M\u00e4ngeln ausgeschlossen.<\/li>\n<\/ul>\n<p>  7.3 Wenn der Kunde als Verbraucher handelt:  <\/p>\n<ul>\n<li>Es gilt die gesetzliche Gew\u00e4hrleistungsfrist von zwei Jahren ab Lieferung der Ware.<\/li>\n<li>Bei gebrauchten Waren kann die Garantiezeit auf ein Jahr verk\u00fcrzt werden.<\/li>\n<\/ul>\n<p>  7.4 Die oben genannten Haftungsbeschr\u00e4nkungen und Fristverk\u00fcrzungen gelten nicht:  <\/p>\n<ul>\n<li>F\u00fcr Schadensersatz- und Aufwendungsersatzanspr\u00fcche des Kunden;<\/li>\n<li>Im Falle, dass der Verk\u00e4ufer den Mangel arglistig verschwiegen hat;<\/li>\n<li>F\u00fcr Sachen, die entsprechend ihrer \u00fcblichen Verwendungsweise f\u00fcr ein Bauwerk verwendet worden sind und dessen Mangelhaftigkeit verursacht haben;<\/li>\n<li>F\u00fcr jede bestehende Verpflichtung des Verk\u00e4ufers, bei Vertr\u00e4gen \u00fcber die Lieferung von Waren mit digitalen Elementen Updates f\u00fcr digitale Produkte bereitzustellen.<\/li>\n<\/ul>\n<p>  7.5 Wenn der Kunde als Verbraucher handelt, wird er gebeten, gelieferte Waren mit offensichtlichen Transportsch\u00e4den beim Zusteller zu reklamieren und den Verk\u00e4ufer dar\u00fcber zu informieren.<br \/>\nUnterl\u00e4sst er die unverz\u00fcgliche Anzeige von Transportsch\u00e4den, bleiben die gesetzlichen M\u00e4ngelrechte des Verbrauchers unber\u00fchrt.   <\/p><\/div>\n<p>&nbsp;<\/p>\n<div id=\"repair\" class=\"section\">\n<h2>8. Besondere Bedingungen f\u00fcr Reparaturleistungen<\/h2>\n<p>  Wenn der Verk\u00e4ufer nach dem Inhalt des Vertrages die Reparatur einer dem Kunden geh\u00f6renden Sache schuldet, gilt das Folgende: 8.1 Die Reparaturleistungen werden am Gesch\u00e4ftssitz des Verk\u00e4ufers erbracht. 8.2 Der Verk\u00e4ufer erbringt seine Leistungen nach eigenem Ermessen in eigener Person oder durch von ihm ausgew\u00e4hltes Fachpersonal. 8.3 Der Kunde hat dem Verk\u00e4ufer alle f\u00fcr die Reparatur des Gegenstandes erforderlichen Informationen zur Verf\u00fcgung zu stellen, sofern deren Beschaffung nach dem Inhalt des Vertrages nicht in den Pflichtenkreis des Verk\u00e4ufers f\u00e4llt. 8.4 Sofern nicht anders vereinbart, hat der Kunde den zu reparierenden Gegenstand auf eigene Kosten und Gefahr an den Sitz des Verk\u00e4ufers zu senden.   8.5 Die R\u00fccksendung des Artikels geht zu Lasten des Kunden. Sollte sich der Artikel jedoch als defekt erweisen und unter die Garantie fallen, erstattet der Verk\u00e4ufer die Kosten f\u00fcr die R\u00fccksendung. 8.6 Die vorstehenden Regelungen schr\u00e4nken die gesetzlichen Gew\u00e4hrleistungsrechte des Kunden im Falle des Kaufs von Waren des Verk\u00e4ufers nicht ein. 8.7 Der Verk\u00e4ufer haftet f\u00fcr M\u00e4ngel an der erbrachten Reparaturleistung nach den Bestimmungen der gesetzlichen M\u00e4ngelhaftung.  <\/p><\/div>\n<p>&nbsp;<\/p>\n<div id=\"vouchers\" class=\"section\">\n<h2>9. Einl\u00f6sung von Aktionsgutscheinen<\/h2>\n<p> 9.1 Gutscheine, die vom Verk\u00e4ufer im Rahmen von Werbeaktionen mit einer bestimmten G\u00fcltigkeitsdauer kostenlos ausgegeben werden und die vom Kunden nicht erworben werden k\u00f6nnen, k\u00f6nnen nur im Online-Shop des Verk\u00e4ufers und nur w\u00e4hrend des angegebenen Zeitraums eingel\u00f6st werden. 9.2 Einzelne Produkte k\u00f6nnen von der Gutscheinaktion ausgeschlossen werden, sofern sich aus dem Inhalt des Aktionsgutscheins eine entsprechende Einschr\u00e4nkung ergibt. 9.3 Aktionsgutscheine k\u00f6nnen nur eingel\u00f6st werden, bevor der Bestellvorgang abgeschlossen ist. 9.4 Pro Bestellung kann nur ein Aktionsgutschein eingel\u00f6st werden. 9.5 Der Wert der Waren muss mindestens dem Betrag des Gutscheins entsprechen. Ein eventuelles Restguthaben wird vom Verk\u00e4ufer nicht zur\u00fcckerstattet. 9.6 Wenn der Wert des Aktionsgutscheins nicht ausreicht, um die Bestellung abzudecken, k\u00f6nnen Sie eine der anderen vom Verk\u00e4ufer angebotenen Zahlungsarten w\u00e4hlen, um die Differenz zu begleichen. 9.7 Das Guthaben eines Aktionsgutscheins wird weder bar ausgezahlt noch wird es verzinst. 9.8 Der Aktionsgutschein wird nicht zur\u00fcckerstattet, wenn der Kunde die mit dem Aktionsgutschein bezahlte Ware im Rahmen seines gesetzlichen Widerrufsrechts ganz oder teilweise zur\u00fcckgibt. 9.9 Der Aktionsgutschein ist nur f\u00fcr die Nutzung durch die darauf genannte Person bestimmt. Eine \u00dcbertragung des Aktionsgutscheins auf Dritte ist ausgeschlossen.  <\/p><\/div>\n<p>&nbsp;<\/p>\n<div id=\"dispute\" class=\"section\">\n<h2>10. Alternative Streitbeilegung<\/h2>\n<p>  10.1 Die EU-Kommission stellt unter folgendem Link eine Plattform zur Online-Streitbeilegung zur Verf\u00fcgung: <a href=\"https:\/\/ec.europa.eu\/consumers\/odr\" target=\"_blank\" rel=\"noopener\">EU-ODR-Plattform<\/a>. Diese Plattform dient als Anlaufstelle f\u00fcr die au\u00dfergerichtliche Beilegung von Streitigkeiten, die sich aus Online-Kauf- oder Dienstleistungsvertr\u00e4gen ergeben, an denen ein Verbraucher beteiligt ist. 10.2 Der Verk\u00e4ufer zieht es vor, Streitigkeiten direkt mit dem Kunden beizulegen und ist nicht verpflichtet, an einem Streitbeilegungsverfahren vor einer Verbraucherschlichtungsstelle teilzunehmen.  <\/div>\n<p>&nbsp;<\/p>\n<div id=\"gdpr\" class=\"section\">\n<h2>11. Einhaltung der GDPR<\/h2>\n<p> 11.1 Der Verk\u00e4ufer h\u00e4lt sich an die Allgemeine Datenschutzverordnung (GDPR) und stellt sicher, dass personenbezogene Daten nur in \u00dcbereinstimmung mit diesen Vorschriften erhoben, verarbeitet und verwendet werden. 11.2 Weitere Einzelheiten finden Sie in den Datenschutzbestimmungen des Verk\u00e4ufers.  <\/p><\/div>\n<p>&nbsp;<\/p>\n<div id=\"uk-provisions\" class=\"section\">\n<h2>12. UK-spezifische Bestimmungen<\/h2>\n<p> 12.1 Nach dem Brexit gew\u00e4hrleistet der Verk\u00e4ufer die Einhaltung der britischen Verbraucherschutzgesetze, die leicht von den EU-Gesetzen abweichen k\u00f6nnen. 12.2 Verbraucher im Vereinigten K\u00f6nigreich haben \u00e4hnliche Rechte wie in der EU, einschlie\u00dflich des Rechts auf klare Informationen, einer 14-t\u00e4gigen Widerrufsfrist und Rechtsbehelfen f\u00fcr nicht konforme Waren. Etwaige Abweichungen werden in dem f\u00fcr das Vereinigte K\u00f6nigreich spezifischen Zusatz zu diesen Bedingungen behandelt.  <\/p><\/div>\n<p>&nbsp;<\/p>\n<hr>\n<div id=\"uk-provisions\" class=\"section\">Rev. Opranic AB 2024<\/div>\n[\/vc_column_text][\/vc_column][\/vc_row]\n<\/div>","protected":false},"excerpt":{"rendered":"<p>[vc_row][vc_column][vc_column_text css=&#8220;&#8220;] Allgemeine Bedingungen und Konditionen Inhaltsverzeichnis Umfang Vertragsabschluss R\u00fccktrittsrecht Preise und Zahlungsbedingungen Liefer- und Versandbedingungen Beibehaltung des Titels Haftung f\u00fcr M\u00e4ngel (Gew\u00e4hrleistung) Besondere Bedingungen f\u00fcr Reparaturdienstleistungen Einl\u00f6sung von Aktionsgutscheinen Alternative Streitbeilegung Einhaltung der GDPR UK-spezifische Bestimmungen 1. Umfang 1.1 Diese Allgemeinen Gesch\u00e4ftsbedingungen (AGB) der Opranic AB (nachfolgend &#8222;Verk\u00e4ufer&#8220;), gelten f\u00fcr alle Vertr\u00e4ge, die ein&hellip;<\/p>\n","protected":false},"author":1,"featured_media":0,"parent":0,"menu_order":0,"comment_status":"closed","ping_status":"closed","template":"","meta":{"_acf_changed":false,"inline_featured_image":false,"_joinchat":[],"footnotes":""},"class_list":["post-6052","page","type-page","status-publish","hentry","entry","no-media"],"acf":[],"_links":{"self":[{"href":"https:\/\/staging.opranic.com\/de\/wp-json\/wp\/v2\/pages\/6052","targetHints":{"allow":["GET"]}}],"collection":[{"href":"https:\/\/staging.opranic.com\/de\/wp-json\/wp\/v2\/pages"}],"about":[{"href":"https:\/\/staging.opranic.com\/de\/wp-json\/wp\/v2\/types\/page"}],"author":[{"embeddable":true,"href":"https:\/\/staging.opranic.com\/de\/wp-json\/wp\/v2\/users\/1"}],"replies":[{"embeddable":true,"href":"https:\/\/staging.opranic.com\/de\/wp-json\/wp\/v2\/comments?post=6052"}],"version-history":[{"count":0,"href":"https:\/\/staging.opranic.com\/de\/wp-json\/wp\/v2\/pages\/6052\/revisions"}],"wp:attachment":[{"href":"https:\/\/staging.opranic.com\/de\/wp-json\/wp\/v2\/media?parent=6052"}],"curies":[{"name":"wp","href":"https:\/\/api.w.org\/{rel}","templated":true}]}}